{"id":819,"date":"2021-05-16T10:38:49","date_gmt":"2021-05-16T13:38:49","guid":{"rendered":"https:\/\/clinicadrsun.com.br\/site\/?page_id=819"},"modified":"2021-12-13T11:55:24","modified_gmt":"2021-12-13T14:55:24","slug":"cirurgias-ambulatoriais","status":"publish","type":"page","link":"https:\/\/clinicadrsun.com.br\/site\/cirurgias-ambulatoriais\/","title":{"rendered":"Cirurgias Ambulatoriais"},"content":{"rendered":"<p><a href=\"https:\/\/www,clinicadrsun.com.br\"><br \/>\n<img decoding=\"async\" src=\"https:\/\/clinicadrsun.com.br\/site\/wp-content\/uploads\/2021\/05\/logo_2021_clinicadrsun.png\" title=\"logo_2021_clinicadrsun\" alt=\"logo_2021_clinicadrsun\">\t\t\t\t\t\t\t\t<\/a><\/p>\n<figure><img decoding=\"async\" width=\"79\" height=\"80\" src=\"https:\/\/clinicadrsun.com.br\/site\/wp-content\/uploads\/2021\/05\/icone_relogio2.jpg\" alt=\"\" loading=\"lazy\"><\/figure>\n<h6>08:00 \u00e0s 19:00h<\/h6>\n<p>Segunda \u2013 Sexta<\/p>\n<figure><img decoding=\"async\" width=\"79\" height=\"80\" src=\"https:\/\/clinicadrsun.com.br\/site\/wp-content\/uploads\/2021\/05\/icone_tel.jpg\" alt=\"\" loading=\"lazy\"><\/figure>\n<h5>(11) 5572-0068<\/h5>\n<p>Telefone<\/p>\n<p><a href=\"https:\/\/pep.medicinadireta.com.br\/areadopaciente\/index.php?var_url_site=clinicadrsun.com.br\" target=\"_blank\" role=\"button\" rel=\"noopener\"><br \/>\nArea do Paciente<br \/>\n<\/a><br \/>\n<!-- Start Menuar for Elementor WordPress Plugin --><\/p>\n<nav data-breakpoint=\"767px\" data-click-area=\"text\">\n                                            <a href=\"http:\/\/www.clinicadrsun.com.br\/site\"><br \/>\n<img decoding=\"async\" src=\"https:\/\/clinicadrsun.com.br\/site\/wp-content\/uploads\/2021\/05\/Logo_movel.jpg\" alt=\"\"><br \/>\n<\/a><\/p>\n<ul id=\"menu-principal\">\n<li id=\"menu-item-1313\"><a href=\"https:\/\/clinicadrsun.com.br\/site\/\">Home<\/a><\/li>\n<li id=\"menu-item-116\"><a href=\"https:\/\/clinicadrsun.com.br\/site\/a-clinica\/\">Quem Somos<\/a><\/li>\n<li id=\"menu-item-117\"><a href=\"#\" data-toggle=\"dropdown\" data-target=\"#\">Especialidades<\/a><button>Abrir menu<\/button>\n<ul>\n<li id=\"menu-item-490\"><a href=\"https:\/\/clinicadrsun.com.br\/site\/cardiologia\/\">Cardiologia<\/a><\/li>\n<li id=\"menu-item-532\"><a href=\"https:\/\/clinicadrsun.com.br\/site\/cirurgia-vascular\/\">Cirurgia Vascular<\/a><\/li>\n<li id=\"menu-item-577\"><a href=\"https:\/\/clinicadrsun.com.br\/site\/dermatologia-clinica-e-cirurgica\/\">Dermatologia Cl\u00ednica e Cir\u00fargica<\/a><\/li>\n<li id=\"menu-item-489\"><a href=\"https:\/\/clinicadrsun.com.br\/site\/gastroenterologia-cirurgica\/\">Gastroenterologia Cirurgica<\/a><\/li>\n<li id=\"menu-item-566\"><a href=\"https:\/\/clinicadrsun.com.br\/site\/medicina-regenerativa\/\">Medicina Regenerativa<\/a><\/li>\n<li id=\"menu-item-1874\"><a href=\"https:\/\/clinicadrsun.com.br\/site\/nutricao\/\">Nutri\u00e7\u00e3o<\/a><\/li>\n<li id=\"menu-item-520\"><a href=\"https:\/\/clinicadrsun.com.br\/site\/proctologia\/\">Proctologia<\/a><\/li>\n<li id=\"menu-item-589\"><a href=\"https:\/\/clinicadrsun.com.br\/site\/psiquiatria-e-psiquiatria-intervencionista\/\">Psiquiatria e Psiquiatria Intervencionista<\/a><\/li>\n<\/ul>\n<\/li>\n<li id=\"menu-item-118\"><a href=\"#\" data-toggle=\"dropdown\" data-target=\"#\">Exames<\/a><button>Abrir menu<\/button>\n<ul>\n<li id=\"menu-item-723\"><a href=\"https:\/\/clinicadrsun.com.br\/site\/anuscopia-de-alta-resolucao\/\">Anuscopia de alta resolu\u00e7\u00e3o<\/a><\/li>\n<li id=\"menu-item-756\"><a href=\"https:\/\/clinicadrsun.com.br\/site\/bioimpedancia\/\">Bioimped\u00e2ncia<\/a><\/li>\n<li id=\"menu-item-774\"><a href=\"https:\/\/clinicadrsun.com.br\/site\/bodymetrix\/\">Bodymetrix<\/a><\/li>\n<li id=\"menu-item-786\"><a href=\"https:\/\/clinicadrsun.com.br\/site\/calorimetria\/\">Calorimetria<\/a><\/li>\n<li id=\"menu-item-601\"><a href=\"https:\/\/clinicadrsun.com.br\/site\/colonoscopia\/\">Colonoscopia<\/a><\/li>\n<li id=\"menu-item-620\"><a href=\"https:\/\/clinicadrsun.com.br\/site\/densitometria-ossea-e-composicao-corporal\/\">Densitometria \u00d3ssea e Composi\u00e7\u00e3o Corporal<\/a><\/li>\n<li id=\"menu-item-628\"><a href=\"https:\/\/clinicadrsun.com.br\/site\/eletrocardiograma\/\">Eletrocardiograma<\/a><\/li>\n<li id=\"menu-item-639\"><a href=\"https:\/\/clinicadrsun.com.br\/site\/ecocardiograma-com-doppler-colorido\/\">Ecocardiograma Com Doppler Colorido<\/a><\/li>\n<li id=\"menu-item-654\"><a href=\"https:\/\/clinicadrsun.com.br\/site\/ergoespirometria\/\">Ergoespirometria<\/a><\/li>\n<li id=\"menu-item-668\"><a href=\"https:\/\/clinicadrsun.com.br\/site\/dholter\/\">Holter<\/a><\/li>\n<li id=\"menu-item-1563\"><a href=\"https:\/\/clinicadrsun.com.br\/site\/manometria\/\">Manometria<\/a><\/li>\n<li id=\"menu-item-1969\"><a href=\"https:\/\/clinicadrsun.com.br\/site\/mapa\/\">MAPA<\/a><\/li>\n<li id=\"menu-item-694\"><a href=\"https:\/\/clinicadrsun.com.br\/site\/phmetria-e-manometria-esofagica\/\">Phmetria e Manometria Esof\u00e1gica<\/a><\/li>\n<li id=\"menu-item-745\"><a href=\"https:\/\/clinicadrsun.com.br\/site\/retinografia\/\">Retinografia<\/a><\/li>\n<li id=\"menu-item-705\"><a href=\"https:\/\/clinicadrsun.com.br\/site\/retossigmoidoscopia-flexivel\/\">Retossigmoidoscopia<\/a><\/li>\n<li id=\"menu-item-737\"><a href=\"https:\/\/clinicadrsun.com.br\/site\/ultrassonografia\/\">Ultrassonografia<\/a><\/li>\n<li id=\"menu-item-1605\"><a href=\"https:\/\/clinicadrsun.com.br\/site\/ultrassonografia-com-doppler\/\">Ultrassonografia com Doppler<\/a><\/li>\n<li id=\"menu-item-1604\"><a href=\"https:\/\/clinicadrsun.com.br\/site\/ultrassonografia-com-doppler-colorido\/\">Ultrassonografia com Doppler colorido<\/a><\/li>\n<\/ul>\n<\/li>\n<li id=\"menu-item-119\"><a href=\"#\" data-toggle=\"dropdown\" data-target=\"#\">Procedimentos<\/a><button>Abrir menu<\/button>\n<ul>\n<li id=\"menu-item-818\"><a href=\"https:\/\/clinicadrsun.com.br\/site\/biopsia-de-prostata\/\">Bi\u00f3psia de Pr\u00f3stata<\/a><\/li>\n<li id=\"menu-item-810\"><a href=\"https:\/\/clinicadrsun.com.br\/site\/biopsia-hepatica\/\">Bi\u00f3psia Hep\u00e1tica<\/a><\/li>\n<li id=\"menu-item-831\"><a href=\"https:\/\/clinicadrsun.com.br\/site\/cirurgias-ambulatoriais\/\">Cirurgias Ambulatoriais<\/a><\/li>\n<li id=\"menu-item-845\"><a href=\"https:\/\/clinicadrsun.com.br\/site\/infusoes\/\">Infus\u00f5es<\/a><\/li>\n<li id=\"menu-item-857\"><a href=\"https:\/\/clinicadrsun.com.br\/site\/paaf-puncao-aspirativa-por-agulha-fina\/\">PAAF \u2013 Pun\u00e7\u00e3o Aspirativa por Agulha Fina<\/a><\/li>\n<\/ul>\n<\/li>\n<li id=\"menu-item-899\"><a href=\"https:\/\/clinicadrsun.com.br\/site\/reembolso-2\/\">Reembolso<\/a><\/li>\n<li id=\"menu-item-900\"><a href=\"https:\/\/clinicadrsun.com.br\/site\/contato\/\">Contato<\/a><\/li>\n<li id=\"menu-item-1903\"><a href=\"https:\/\/pep.medicinadireta.com.br\/areadopaciente\/index.php?var_url_site=clinicadrsun.com.br\"><br \/>\n<figure>   <img decoding=\"async\" src=\"https:\/\/clinicadrsun.com.br\/site\/wp-content\/uploads\/2021\/07\/areadopaciente.jpg\" alt=\"Minha Figura\"><figcaption><\/figcaption><\/figure>\n<p><\/a><a href=\"https:\/\/pep.medicinadireta.com.br\/areadopaciente\/index.php?var_url_site=clinicadrsun.com.br\"><\/a><\/li>\n<\/ul>\n<\/nav>\n<style>\n                @media only screen and (max-width:  767px) {<br \/>\n                    .elementor-element-4b1089e4 .mdp-menuar-elementor-main-menu {<br \/>\n                        display: inline-flex;<br \/>\n                    }<br \/>\n                    .elementor-element-4b1089e4 .mdp-menuar-expand-position-right .mdp-menuar-submenu-indicator {<br \/>\n                        transform: rotate(0deg);<br \/>\n                        margin-left: 10px;<br \/>\n                    }<br \/>\n                    .elementor-element-4b1089e4 .mdp-menuar-expand-position-left .mdp-menuar-submenu-indicator {<br \/>\n                        transform: rotate(0deg);<br \/>\n                        order: 1;<br \/>\n                        margin-right: 0;<br \/>\n                        margin-left: 10px;<br \/>\n                    }<br \/>\n                    .elementor-element-4b1089e4 .mdp-menuar-expand-position-top .mdp-menuar-elementor-main-menu--dropdown > .mdp-menuar-elementor-main-menu--item > .mdp-menuar-submenu-indicator,<br \/>\n                    .elementor-element-4b1089e4 .mdp-menuar-expand-position-bottom .mdp-menuar-elementor-main-menu--dropdown > .mdp-menuar-elementor-main-menu--item > .mdp-menuar-submenu-indicator {<br \/>\n                        transform: rotate(0deg)<br \/>\n                    }<br \/>\n                    .elementor-element-4b1089e4 .mdp-menuar-elementor-main-menu--dropdown {<br \/>\n                        animation: initial !important;<br \/>\n                    }<br \/>\n                    .elementor-element-4b1089e4 .mdp-menuar-elementor-main-menu--dropdown.mdp-menuar-elementor-main-menu--dropdown-show {<br \/>\n                        display: block;<br \/>\n                    }<br \/>\n                    .elementor-element-4b1089e4 .mdp-menuar-elementor-main-menu {<br \/>\n                        flex-direction: column;<br \/>\n                        padding-top: 50px;<br \/>\n                    }<br \/>\n                    .elementor-element-4b1089e4 .mdp-menuar-elementor-toggle-btn {<br \/>\n                        display: flex !important;<br \/>\n                        align-items: center;<br \/>\n                        position: relative !important;<br \/>\n                    }<br \/>\n                    .elementor-element-4b1089e4 .mdp-menuar-elementor-toggle-close-icon {<br \/>\n                        display: none;<br \/>\n                        cursor: pointer;<br \/>\n                    }<br \/>\n                    .elementor-element-4b1089e4 .mdp-menuar-elementor-toggle-icon {<br \/>\n                        cursor: pointer;<br \/>\n                    }<br \/>\n                    .elementor-element-4b1089e4 .mdp-menuar-elementor-menu-logo {<br \/>\n                        display: block !important;<br \/>\n                        z-index: 999;<br \/>\n                    }<br \/>\n                    .elementor-element-4b1089e4 .mdp-menuar-elementor-menu-wrapper {<br \/>\n                        position: fixed;<br \/>\n                        overflow-y: auto;<br \/>\n                        top: 0;<br \/>\n                    right: -200%;<br \/>\n                                            z-index: 1000;<br \/>\n                        width: 85%;<br \/>\n                                            width: 100%;<br \/>\n                                            height: 100%;<br \/>\n                        background-color: #fff;<br \/>\n                        padding: 10px;<br \/>\n                        transition: all .3s ease;<br \/>\n                    }<br \/>\n                    .elementor-element-4b1089e4  .mdp-menuar-elementor-menu-wrapper.mdp-menuar-elementor-main-menu-wrapper--active{<br \/>\n                    right: 0;<br \/>\n                    }<br \/>\n                    .elementor-element-4b1089e4 .mdp-menuar-elementor-box ul {<br \/>\n                        padding-left: 0;<br \/>\n                    }<br \/>\n                    .elementor-element-4b1089e4 .mdp-menuar-elementor-box ul li {<br \/>\n                        padding-top: 40px;<br \/>\n                    }<br \/>\n                    .elementor-element-4b1089e4 .mdp-menuar-elementor-main-menu .mdp-menuar-elementor-main-menu--dropdown {<br \/>\n                        position: relative;<br \/>\n                        font-size: 20px;<br \/>\n                        left: 0 !important;<br \/>\n                    }<br \/>\n                    .elementor-element-4b1089e4 .mdp-menuar-elementor-main-menu--item .mdp-menuar-elementor-main-menu--dropdown .mdp-menuar-elementor-main-menu--item .mdp-menuar-elementor-main-menu--dropdown {<br \/>\n                        position: relative;<br \/>\n                        font-size: 20px;<br \/>\n                        left: 0 !important;<br \/>\n                        top: 100%;<br \/>\n                    }<br \/>\n                    .elementor-element-4b1089e4 .mdp-menuar-elementor-main-menu--item {<br \/>\n                        display: block;<br \/>\n                    }<br \/>\n                    .elementor-element-4b1089e4 .mdp-menuar-elementor-main-menu--dropdown .mdp-menuar-elementor-main-menu--item > .mdp-menuar-elementor-main-menu--dropdown {<br \/>\n                        left: 0 !important;<br \/>\n                    }<br \/>\n                    .elementor-element-4b1089e4 .mdp-menuar-elementor-main-menu.mdp-menuar-expand-position-bottom .mdp-menuar-elementor-main-menu--dropdown,<br \/>\n                    .elementor-element-4b1089e4 .mdp-menuar-elementor-main-menu.mdp-menuar-expand-position-top .mdp-menuar-elementor-main-menu--dropdown {<br \/>\n                        top: 0 !important;<br \/>\n                    }<br \/>\n                    .elementor-element-4b1089e4 .mdp-menuar-elementor-main-menu.mdp-menuar-expand-position-left .mdp-menuar-elementor-main-menu--dropdown{<br \/>\n                        top: 0 !important;<br \/>\n                        left: 0 !important;<br \/>\n                        right: auto !important;<br \/>\n                    }<br \/>\n                    .elementor-element-4b1089e4 .mdp-menuar-elementor-main-menu.mdp-menuar-expand-position-right .mdp-menuar-elementor-main-menu--dropdown {<br \/>\n                        top: 0 !important;<br \/>\n                        right: 0 !important;<br \/>\n                        left: auto;<br \/>\n                    }<br \/>\n                }<br \/>\n            <\/style>\n<p>        <!-- End Menuar for Elementor WordPress Plugin --><br \/>\n<!--suppress JSUnresolvedFunction --><br \/>\n<img decoding=\"async\" width=\"413\" height=\"44\" src=\"https:\/\/clinicadrsun.com.br\/site\/wp-content\/uploads\/2021\/05\/dark.png\" alt=\"\" loading=\"lazy\" srcset=\"https:\/\/clinicadrsun.com.br\/site\/wp-content\/uploads\/2021\/05\/dark.png 413w, https:\/\/clinicadrsun.com.br\/site\/wp-content\/uploads\/2021\/05\/dark-300x32.png 300w\" sizes=\"(max-width: 413px) 100vw, 413px\"><\/p>\n<h2>Cirurgias Ambulatoriais<\/h2>\n<p><b><u>Herniorrafia<\/u><\/b><br \/>\nA H\u00e9rnia (inguinal, umbilical, incisional, etc\u2026) \u00e9 uma doen\u00e7a com tratamento \u00fanico e exclusivamente por meio da cirurgia. Trata-se de uma situa\u00e7\u00e3o que pode necessitar de interna\u00e7\u00e3o de emerg\u00eancia em alguns casos e que impede o trabalhador de executar suas atividades profissionais.<br \/>\nEm muitos casos, o tratamento cir\u00fargico eletivo (com data pr\u00e9-determinada e estudo pr\u00e9vio do paciente) \u00e9 realizado a n\u00edvel ambulatorial com bloqueio anest\u00e9sico local e seda\u00e7\u00e3o. Este \u00e9 um tratamento inovador, beneficiando o paciente em termos de recupera\u00e7\u00e3o p\u00f3s-operat\u00f3ria.<br \/>\nA cl\u00ednica realiza este procedimento em todas as faixas et\u00e1rias, especialmente em idosos, que exigem maior cuidado e especializa\u00e7\u00e3o.<\/p>\n<p><b><u>Hemorroidectomia<\/u><\/b><br \/>\nA cirurgia das Hemorroidas s\u00e3o bastante vari\u00e1veis, pois dependem do grau e complica\u00e7\u00e3o das mesmas, e necessitam de uma primeira avalia\u00e7\u00e3o com um bom exame proctol\u00f3gico, acompanhado de uma retossigmoidoscopia.<br \/>\nRealizamos com bastante frequ\u00eancia a t\u00e9cnica que consiste na Ligadura El\u00e1stica das Hemorroidas sob seda\u00e7\u00e3o e bloqueio anest\u00e9sico local, que permite uma recupera\u00e7\u00e3o domiciliar mais r\u00e1pida e indolor.<\/p>\n<p><b><u>Vasectomia<\/u><\/b><br \/>\n\u00c9 uma cirurgia realizada com anestesia geral e bloqueio anest\u00e9sico local, proporcionando uma recupera\u00e7\u00e3o p\u00f3s-operat\u00f3ria mais confort\u00e1vel e sem traumas.<\/p>\n<p><b><u>Microcirurgia de varizes<\/u><\/b><br \/>\nAs varizes aumentam o risco de trombose, forma\u00e7\u00e3o de co\u00e1gulos que bloqueiam o fluxo do sangue. Portanto, \u00e9 recomendado que sejam retiradas antes que evoluam para uma doen\u00e7a mais complexa. A microcirurgia de varizes \u00e9 r\u00e1pida e pode ser realizada em cl\u00ednicas especializadas, sem a necessidade de interna\u00e7\u00e3o prolongada.<\/p>\n<p><b><u>Trombose hemorroidaria em gestante<\/u><\/b><\/p>\n<p><b><u>Coloca\u00e7\u00e3o de DIU<\/u><\/b><br \/>\nSempre que necess\u00e1rio, o Cirurgi\u00e3o Geral pode encaminhar o paciente para avalia\u00e7\u00e3o e conduta para colegas especialistas, visando sempre minimizar os riscos da orienta\u00e7\u00e3o. No intuito de se chegar ao diagn\u00f3stico, existe ainda, em alguns casos, a necessidade de exames-diagn\u00f3sticos de apoio.<br \/>\n<img decoding=\"async\" src=\"https:\/\/clinicadrsun.com.br\/site\/wp-content\/uploads\/2021\/05\/centro_cirurgico2.jpg\" title=\"centro_cirurgico2\" alt=\"centro_cirurgico2\"><br \/>\n<img decoding=\"async\" src=\"https:\/\/clinicadrsun.com.br\/site\/wp-content\/uploads\/2021\/05\/centro_cirurgico3.jpg\" title=\"centro_cirurgico3\" alt=\"centro_cirurgico3\"><\/p>\n<p>Nosso material tem como \u00fanico objetivo fornecer informa\u00e7\u00f5es e n\u00e3o deve ser utilizado&nbsp;para realizar autodiagn\u00f3stico, autotratamento ou automedica\u00e7\u00e3o.<br \/>\n&nbsp;Em caso de d\u00favidas, consulte um m\u00e9dico.<\/p>\n<p>\u00a92021 \u2013 CL\u00cdNICA DR. SUN ::: Rua Pedro de Toledo, 980 \u2013 cjs. 35, 36, 85, 91, 124, 125, 126, 132 e 133 \u2013 V. Clementino \u2013&nbsp; S\u00e3o Paulo \u2013 SP&nbsp; CEP 04039-002<br \/>\nS\u00e3o Paulo \u2013 SP ::: TEL: (11) 5572-0068&nbsp; &nbsp; &nbsp; &nbsp; \u2013 &nbsp; &nbsp; <a style=\"color: yellow;\" href=\"https:\/\/clinicadrsun.com.br\/site\/politica-de-privacidade\/\">Politica de Privacidade<\/a><\/p>\n","protected":false},"excerpt":{"rendered":"<p>08:00 \u00e0s 19:00h Segunda \u2013 Sexta (11) 5572-0068 Telefone Area do Paciente Home Quem Somos EspecialidadesAbrir menu Cardiologia Cirurgia Vascular Dermatologia Cl\u00ednica e Cir\u00fargica Gastroenterologia Cirurgica Medicina Regenerativa Nutri\u00e7\u00e3o Proctologia Psiquiatria e Psiquiatria Intervencionista ExamesAbrir menu Anuscopia de alta resolu\u00e7\u00e3o Bioimped\u00e2ncia Bodymetrix Calorimetria Colonoscopia Densitometria \u00d3ssea e Composi\u00e7\u00e3o Corporal Eletrocardiograma Ecocardiograma Com Doppler Colorido Ergoespirometria&hellip; <a class=\"more-link\" href=\"https:\/\/clinicadrsun.com.br\/site\/cirurgias-ambulatoriais\/\">Continuar lendo <span class=\"screen-reader-text\">Cirurgias Ambulatoriais<\/span><\/a><\/p>\n","protected":false},"author":1,"featured_media":0,"parent":0,"menu_order":0,"comment_status":"closed","ping_status":"closed","template":"elementor_canvas","meta":[],"_links":{"self":[{"href":"https:\/\/clinicadrsun.com.br\/site\/wp-json\/wp\/v2\/pages\/819"}],"collection":[{"href":"https:\/\/clinicadrsun.com.br\/site\/wp-json\/wp\/v2\/pages"}],"about":[{"href":"https:\/\/clinicadrsun.com.br\/site\/wp-json\/wp\/v2\/types\/page"}],"author":[{"embeddable":true,"href":"https:\/\/clinicadrsun.com.br\/site\/wp-json\/wp\/v2\/users\/1"}],"replies":[{"embeddable":true,"href":"https:\/\/clinicadrsun.com.br\/site\/wp-json\/wp\/v2\/comments?post=819"}],"version-history":[{"count":23,"href":"https:\/\/clinicadrsun.com.br\/site\/wp-json\/wp\/v2\/pages\/819\/revisions"}],"predecessor-version":[{"id":2310,"href":"https:\/\/clinicadrsun.com.br\/site\/wp-json\/wp\/v2\/pages\/819\/revisions\/2310"}],"wp:attachment":[{"href":"https:\/\/clinicadrsun.com.br\/site\/wp-json\/wp\/v2\/media?parent=819"}],"curies":[{"name":"wp","href":"https:\/\/api.w.org\/{rel}","templated":true}]}}